{"id":549,"date":"2014-09-29T17:49:55","date_gmt":"2014-09-29T15:49:55","guid":{"rendered":"https:\/\/kleijn.com\/fuhrpark\/"},"modified":"2015-01-13T09:46:07","modified_gmt":"2015-01-13T08:46:07","slug":"fuhrpark","status":"publish","type":"page","link":"https:\/\/kleijn.com\/de\/uber-kleijn\/fuhrpark\/","title":{"rendered":"Fuhrpark"},"content":{"rendered":"<p>Kleijn Transport hat einen Fuhrpark von 129 Fahrzeugen, inklusive kleineren Lieferwagen. Davon stehen 77 Fahrzeuge auf unserem Gel\u00e4nde in Alblasserdam, beziehungsweise unseren Standpl\u00e4tzen in L\u00fcbeck mit 12 Fahrzeugen , in Duisburg mit 35 Fahrzeugen und in Worms mit 5 Fahrzeugen. (Stand Ende 2014). Unsere Flotte ist direkt am deutlichen weiss-blauen Logo von Kleijn zu erkennen!<\/p>\n<p>Kleijn Transport hat sich bewusst dazu entschieden in einen neuen und modernen Fuhrpark zu investieren. \u00a0Junge Fahrzeuge ben\u00f6tigen n\u00e4mlich weniger Wartung und garantieren dadurch einen zuverl\u00e4ssigeren und reibungsloseren Ablauf der Transporte.<\/p>\n<p>Alle unsere Fahrzeuge sind mit <a title=\"Technologie\" href=\"https:\/\/kleijn.com\/de\/uber-kleijn\/technologie\/\">der neuesten Technologie<\/a> ausger\u00fcstet: Satellitenkommunikation, einem Bordcomputer womit jede Fracht in real-time verfolgt werden kann, auch zur Sicherheit des Transportgutes.<\/p>\n<p>Ausserdem entspricht unsere Flotte <a title=\"Umwelt\" href=\"https:\/\/kleijn.com\/de\/uber-kleijn\/umwelt\/\">den h\u00f6chsten Umweltsnormen.<\/a><\/p>\n<h2>Standorten<\/h2>\n<div id=\"map-canvas\" class=\"embed-responsive embed-responsive-2by1\"><\/div>\n<div id=\"map-data\">\n<div class=\"circle\" data-latitude=\"51.87033659999999\" data-longitude=\"4.6702024\" data-radius-square=\"6160000000\"><strong>Alblasserdam<\/strong><br \/>\n77 Fahrzeugen<\/div>\n<div class=\"circle\" data-latitude=\"51.4344079\" data-longitude=\"6.762329299999999\" data-radius-square=\"2800000000\"><strong>Duisburg<\/strong><br \/>\n35 Fahrzeugen<\/div>\n<div class=\"circle\" data-latitude=\"53.8654673\" data-longitude=\"10.6865593\" data-radius-square=\"960000000\"><strong>L\u00fcbeck<\/strong><br \/>\n12 Fahrzeugen<\/div>\n<div class=\"circle\" data-latitude=\"49.6341372\" data-longitude=\"8.3507182\" data-radius-square=\"400000000\"><strong>Worms<\/strong><br \/>\n5 Fahrzeugen<\/div>\n<\/div>\n","protected":false},"excerpt":{"rendered":"<p>Kleijn Transport hat einen Fuhrpark von 129 Fahrzeugen, inklusive kleineren Lieferwagen. Davon stehen 77 Fahrzeuge auf unserem Gel\u00e4nde in Alblasserdam, beziehungsweise unseren Standpl\u00e4tzen in L\u00fcbeck mit 12 Fahrzeugen , in Duisburg mit 35 Fahrzeugen und in Worms mit 5 Fahrzeugen. (Stand Ende 2014). Unsere Flotte ist direkt am deutlichen weiss-blauen Logo von Kleijn zu erkennen! [&hellip;]<\/p>\n","protected":false},"author":1,"featured_media":762,"parent":876,"menu_order":20,"comment_status":"closed","ping_status":"closed","template":"","meta":{"footnotes":""},"class_list":["post-549","page","type-page","status-publish","has-post-thumbnail","hentry"],"_links":{"self":[{"href":"https:\/\/kleijn.com\/de\/wp-json\/wp\/v2\/pages\/549\/"}],"collection":[{"href":"https:\/\/kleijn.com\/de\/wp-json\/wp\/v2\/pages\/"}],"about":[{"href":"https:\/\/kleijn.com\/de\/wp-json\/wp\/v2\/types\/page\/"}],"author":[{"embeddable":true,"href":"https:\/\/kleijn.com\/de\/wp-json\/wp\/v2\/users\/1\/"}],"replies":[{"embeddable":true,"href":"https:\/\/kleijn.com\/de\/wp-json\/wp\/v2\/comments\/?post=549"}],"version-history":[{"count":9,"href":"https:\/\/kleijn.com\/de\/wp-json\/wp\/v2\/pages\/549\/revisions\/"}],"predecessor-version":[{"id":1251,"href":"https:\/\/kleijn.com\/de\/wp-json\/wp\/v2\/pages\/549\/revisions\/1251\/"}],"up":[{"embeddable":true,"href":"https:\/\/kleijn.com\/de\/wp-json\/wp\/v2\/pages\/876\/"}],"wp:featuredmedia":[{"embeddable":true,"href":"https:\/\/kleijn.com\/de\/wp-json\/wp\/v2\/media\/762\/"}],"wp:attachment":[{"href":"https:\/\/kleijn.com\/de\/wp-json\/wp\/v2\/media\/?parent=549"}],"curies":[{"name":"wp","href":"https:\/\/api.w.org\/{rel}","templated":true}]}}