{"id":550,"date":"2014-09-29T16:29:38","date_gmt":"2014-09-29T14:29:38","guid":{"rendered":"https:\/\/kleijn.com\/lagerung\/"},"modified":"2015-01-11T12:07:27","modified_gmt":"2015-01-11T11:07:27","slug":"warehousing","status":"publish","type":"page","link":"https:\/\/kleijn.com\/de\/warehousing\/","title":{"rendered":"Warehousing"},"content":{"rendered":"<h2>Lagerung und Distribution<\/h2>\n<p>Neben vielen <a title=\"Transport\" href=\"https:\/\/kleijn.com\/de\/transport\/\">Diensten auf dem Gebiet von Transport<\/a> bietet Kleijn auch eine Skala von M\u00f6glichkeiten an, zur Lagerung und Distribution von G\u00fctern (Warehousing). Auf dem eigenen Gel\u00e4nde von 40.000 m2 in Alblasserdam verf\u00fcgt\u00a0Kleijn n\u00e4mlich \u00fcber eine moderne\u00a0<strong>Lagerhalle von 5.000 m<\/strong><strong><sup>2<\/sup><\/strong>\u00a0mit Zollfazilit\u00e4ten, Hochregalen mit\u00a0<strong>3000 Palettenpl\u00e4tzen<\/strong>,\u00a0<strong>7 Ladedocks<\/strong>\u00a0und\u00a0<strong>2\u00a0Hallenkr\u00e4nen<\/strong>\u00a0mit einem Hubverm\u00f6gen bis 32 Tonnen. Jegliche Sachkenntnis f\u00fcr einen korrekten Umgang sowie die Lagerung von Gefahrg\u00fctern ist vorhanden.<\/p>\n<p>In unserem Lager bieten wir unter anderem die folgenden M\u00f6glichkeiten:<\/p>\n<ul>\n<li>palettieren<\/li>\n<li>sealen<\/li>\n<li>verpacken<\/li>\n<li>umpacken<\/li>\n<li>etikettieren<\/li>\n<li>Barcode scannen<\/li>\n<li>wiegen<\/li>\n<li>pick and pack<\/li>\n<\/ul>\n<p>Sie k\u00f6nnen 1 speziellen Dienst w\u00e4hlen oder mehrere. So k\u00f6nnen Sie sich f\u00fcr one way-Transport entscheiden: Kleijn holt die Ladung (ggf. im <a title=\"Seefracht\" href=\"https:\/\/kleijn.com\/de\/transport\/seefracht\/\">fernen Osten<\/a>), \u00a0lagert die G\u00fcter in ihrer Lagerhalle\u00a0und Sie kommen Ihre Ladung wieder abholen f\u00fcr den Weitertransport oder Distribution (oder anders herum). Sie k\u00f6nnen aber auch entscheiden, Kleijn alle Handlungen in diesem Prozess f\u00fcr Sie ausf\u00fchren zu lassen. Wir bieten einen kompletten Service.<\/p>\n<h2>Vorteile von\u00a0Kleijn Transport<\/h2>\n<p><strong>Online Vorratsverwaltung<\/strong>. Sie k\u00f6nnen sich als Kunde selbst einloggen, sehen was der aktuelle Vorrat ist und entscheiden, wohin eine Ladung muss. Dies bietet Ihnen maximale Einsicht und Kontrolle \u00fcber Ihren Vorrat und die Distribution.<\/p>\n<p><strong>AEO-Zertifizierung<\/strong>\u00a0(Authorized Economic Operator) seit 2011. Der Zoll hat Kleijn zertifiziert, nachdem dieser festgestellt hat, dass Kleijn den h\u00f6chsten Sicherheitsnormen auf allen Gebieten entspricht. So sind die Lagerhalle und das Gel\u00e4nde ausgezeichnet gesichert, desweiteren sind unsere Mitarbeiter in der Erkennung von Sicherheitsrisiken trainiert.<\/p>\n<p><strong>Pick and Pack<\/strong>\u00a0 Ihr Auftrag wird zusammengestellt, sorgf\u00e4ltig eingepackt und versandbereit gemacht. F\u00fcr kleinere Artikel benutzen wir eine vollst\u00e4ndig automatisierte Kardex-Maschine, worin Ihre G\u00fcter sicher und sauber einlagern.<\/p>\n<p><b>Umweltfreundlichkeit<\/b>. Unsere elektrisch angetriebenen Gabelstapler sorgen f\u00fcr eine saubere Arbeitsumgebung.<\/p>\n<p><strong>Extra Service<\/strong>, wie das Ausbessern\u00a0von Fehlern an Artikeln, die hier eingelagert sind und das erneute Einpacken dieser Artikel.<\/p>\n<p>Kurzum: Kleijn bietet mehr, als nur Lagerung, wir denken auch mit Ihnen mit und k\u00f6nnen auf Mass geschnittene Dienste ausf\u00fchren. Dieses spricht f\u00fcr einen Mehrwert. Die Firma Kleijn ist stolz auf ihre Offenheit in der Kommunikation, Schnelligkeit und Pr\u00e4zision.\u00a0Mehr wissen? \u00a0<a title=\"Angebot anfragen\" href=\"https:\/\/kleijn.com\/de\/angebot\/#Warehousing\">Gehen Sie dann schnell auf unsere Angebots-Seite!<\/a><\/p>\n","protected":false},"excerpt":{"rendered":"<p>Lagerung und Distribution Neben vielen Diensten auf dem Gebiet von Transport bietet Kleijn auch eine Skala von M\u00f6glichkeiten an, zur Lagerung und Distribution von G\u00fctern (Warehousing). Auf dem eigenen Gel\u00e4nde von 40.000 m2 in Alblasserdam verf\u00fcgt\u00a0Kleijn n\u00e4mlich \u00fcber eine moderne\u00a0Lagerhalle von 5.000 m2\u00a0mit Zollfazilit\u00e4ten, Hochregalen mit\u00a03000 Palettenpl\u00e4tzen,\u00a07 Ladedocks\u00a0und\u00a02\u00a0Hallenkr\u00e4nen\u00a0mit einem Hubverm\u00f6gen bis 32 Tonnen. Jegliche Sachkenntnis [&hellip;]<\/p>\n","protected":false},"author":1,"featured_media":760,"parent":0,"menu_order":20,"comment_status":"closed","ping_status":"closed","template":"","meta":{"footnotes":""},"class_list":["post-550","page","type-page","status-publish","has-post-thumbnail","hentry"],"_links":{"self":[{"href":"https:\/\/kleijn.com\/de\/wp-json\/wp\/v2\/pages\/550\/"}],"collection":[{"href":"https:\/\/kleijn.com\/de\/wp-json\/wp\/v2\/pages\/"}],"about":[{"href":"https:\/\/kleijn.com\/de\/wp-json\/wp\/v2\/types\/page\/"}],"author":[{"embeddable":true,"href":"https:\/\/kleijn.com\/de\/wp-json\/wp\/v2\/users\/1\/"}],"replies":[{"embeddable":true,"href":"https:\/\/kleijn.com\/de\/wp-json\/wp\/v2\/comments\/?post=550"}],"version-history":[{"count":15,"href":"https:\/\/kleijn.com\/de\/wp-json\/wp\/v2\/pages\/550\/revisions\/"}],"predecessor-version":[{"id":1217,"href":"https:\/\/kleijn.com\/de\/wp-json\/wp\/v2\/pages\/550\/revisions\/1217\/"}],"wp:featuredmedia":[{"embeddable":true,"href":"https:\/\/kleijn.com\/de\/wp-json\/wp\/v2\/media\/760\/"}],"wp:attachment":[{"href":"https:\/\/kleijn.com\/de\/wp-json\/wp\/v2\/media\/?parent=550"}],"curies":[{"name":"wp","href":"https:\/\/api.w.org\/{rel}","templated":true}]}}