{"id":552,"date":"2014-12-10T11:55:44","date_gmt":"2014-12-10T10:55:44","guid":{"rendered":"https:\/\/kleijn.com\/betrieb\/"},"modified":"2015-01-11T10:46:20","modified_gmt":"2015-01-11T09:46:20","slug":"betrieb","status":"publish","type":"page","link":"https:\/\/kleijn.com\/de\/uber-kleijn\/betrieb\/","title":{"rendered":"Betrieb"},"content":{"rendered":"<p>Kleijn Transport besteht inzwischen 50 Jahre und ist in dieser Zeit gewachsen zu einem mittelgrossen Unternehmen mit 125 Mitarbeitern und einem modernen Fuhrpark.<\/p>\n<p>Kleijn Transport wurde in 1963 als Einmannbetrieb gegr\u00fcndet. Der erste Transport fand statt mit einem Pritschenwagen. \u00a0Innerhalb von 5 Jahren war der Fuhrpark jedoch bereits auf 5 Zugmaschinen mit Aufliegern angewachsen, die vornehmlich Stahl und anderes Rauhmaterial innerhalb der Benelux transportierten.<\/p>\n<p>In 1978 erweiterte Kleijn weiter aus und liess sich in Hardinxveld nieder, in einer Entfernung von 30 Kilometern von Rotterdam. Kleijn baute selbst ein B\u00fcro, eigene Werkstatt und einen kleinen Lagerschuppen. Lediglich 3 Jahre sp\u00e4ter gab es wieder eine Wachstumsm\u00f6glichkeit und Kleijn Transport zog nach Sliedrecht um, wo Platz und M\u00f6glichkeiten zur Weiterentwicklung vorhanden waren. Der Wachstum dauerte dann auch an und in 1986 war es also\u00a0wieder Zeit f\u00fcr einen erneuten Umzug: Kleijn Transport ging nach Papendrecht. Dort waren sogar 8.600 m2 f\u00fcr die st\u00e4ndig ausbreitenden Dienste und Aktivit\u00e4ten verf\u00fcgbar.<\/p>\n<p>Der letzte Umzug war in 2004: Kleijn liess sich in Alblasserdam nieder, wo \u00a0sich der Betrieb bis heute befindet. Kleijn Transport war die erste Firma, die sich auf dem nagelneuen Industriegel\u00e4nde Nieuwland Parc niederliess.<\/p>\n<p>Der Umzug bedeutete einen grossen Schritt vorw\u00e4rts in Bezug auf Platz und Dienstleistung: die Betriebsfl\u00e4che vervierfachte sich auf 40.000 m2 und Kleijn konnte \u00fcber\u00a0<a href=\"https:\/\/kleijn.com\/de\/warehousing\/\">einen modernen Lagerschuppen<\/a>\u00a0von 5.000 m2 mit Zoll-Fazilit\u00e4ten, Hochregalen mit 3000 Palettenpl\u00e4tzen, 7 Ladedocks und 2 Hallenkr\u00e4nen mit einer Hubkraft bis 32 t verf\u00fcgen.\u00a0<a href=\"https:\/\/kleijn.com\/de\/transport\/\">Das Dienstleistungspaket<\/a>\u00a0weitete sich ebenfalls aus, sodass wir mit Stolz sagen k\u00f6nnen, dass wir auch Transportm\u00e4ssig unseren Kunden einen Totalservice anbieten k\u00f6nnen.<\/p>\n\n\t\t<style type=\"text\/css\">\n\t\t\t#gallery-1 {\n\t\t\t\tmargin: auto;\n\t\t\t}\n\t\t\t#gallery-1 .gallery-item {\n\t\t\t\tfloat: left;\n\t\t\t\tmargin-top: 10px;\n\t\t\t\ttext-align: center;\n\t\t\t\twidth: 33%;\n\t\t\t}\n\t\t\t#gallery-1 img {\n\t\t\t\tborder: 2px solid #cfcfcf;\n\t\t\t}\n\t\t\t#gallery-1 .gallery-caption {\n\t\t\t\tmargin-left: 0;\n\t\t\t}\n\t\t\t\/* see gallery_shortcode() in wp-includes\/media.php *\/\n\t\t<\/style>\n\t\t<div id='gallery-1' class='gallery galleryid-552 gallery-columns-3 gallery-size-thumbnail'><dl class='gallery-item'>\n\t\t\t<dt class='gallery-icon portrait'>\n\t\t\t\t<a href='https:\/\/kleijn.com\/wp-content\/uploads\/2013-02-12-16.11.11-e1420790788778.jpg'><img loading=\"lazy\" decoding=\"async\" width=\"256\" height=\"256\" src=\"https:\/\/kleijn.com\/wp-content\/uploads\/2013-02-12-16.11.11-e1420790788778-256x256.jpg\" class=\"attachment-thumbnail size-thumbnail\" alt=\"\" srcset=\"https:\/\/kleijn.com\/wp-content\/uploads\/2013-02-12-16.11.11-e1420790788778-256x256.jpg 256w, https:\/\/kleijn.com\/wp-content\/uploads\/2013-02-12-16.11.11-e1420790788778.jpg 425w\" sizes=\"auto, (max-width: 256px) 100vw, 256px\" \/><\/a>\n\t\t\t<\/dt><\/dl><dl class='gallery-item'>\n\t\t\t<dt class='gallery-icon landscape'>\n\t\t\t\t<a href='https:\/\/kleijn.com\/wp-content\/uploads\/2013-02-12-16.42.23-e1420790746421.jpg'><img loading=\"lazy\" decoding=\"async\" width=\"256\" height=\"256\" src=\"https:\/\/kleijn.com\/wp-content\/uploads\/2013-02-12-16.42.23-e1420790746421-256x256.jpg\" class=\"attachment-thumbnail size-thumbnail\" alt=\"\" srcset=\"https:\/\/kleijn.com\/wp-content\/uploads\/2013-02-12-16.42.23-e1420790746421-256x256.jpg 256w, https:\/\/kleijn.com\/wp-content\/uploads\/2013-02-12-16.42.23-e1420790746421.jpg 505w\" sizes=\"auto, (max-width: 256px) 100vw, 256px\" \/><\/a>\n\t\t\t<\/dt><\/dl><dl class='gallery-item'>\n\t\t\t<dt class='gallery-icon landscape'>\n\t\t\t\t<a href='https:\/\/kleijn.com\/wp-content\/uploads\/oude-truck-e1420790844229.jpg'><img loading=\"lazy\" decoding=\"async\" width=\"256\" height=\"256\" src=\"https:\/\/kleijn.com\/wp-content\/uploads\/oude-truck-e1420790844229-256x256.jpg\" class=\"attachment-thumbnail size-thumbnail\" alt=\"\" srcset=\"https:\/\/kleijn.com\/wp-content\/uploads\/oude-truck-e1420790844229-256x256.jpg 256w, https:\/\/kleijn.com\/wp-content\/uploads\/oude-truck-e1420790844229-512x512.jpg 512w, https:\/\/kleijn.com\/wp-content\/uploads\/oude-truck-e1420790844229.jpg 643w\" sizes=\"auto, (max-width: 256px) 100vw, 256px\" \/><\/a>\n\t\t\t<\/dt><\/dl><br style=\"clear: both\" \/><dl class='gallery-item'>\n\t\t\t<dt class='gallery-icon landscape'>\n\t\t\t\t<a href='https:\/\/kleijn.com\/wp-content\/uploads\/2013-02-12-16.11.18-e1420791634195.jpg'><img loading=\"lazy\" decoding=\"async\" width=\"256\" height=\"256\" src=\"https:\/\/kleijn.com\/wp-content\/uploads\/2013-02-12-16.11.18-e1420791634195-256x256.jpg\" class=\"attachment-thumbnail size-thumbnail\" alt=\"\" srcset=\"https:\/\/kleijn.com\/wp-content\/uploads\/2013-02-12-16.11.18-e1420791634195-256x256.jpg 256w, https:\/\/kleijn.com\/wp-content\/uploads\/2013-02-12-16.11.18-e1420791634195.jpg 427w\" sizes=\"auto, (max-width: 256px) 100vw, 256px\" \/><\/a>\n\t\t\t<\/dt><\/dl><dl class='gallery-item'>\n\t\t\t<dt class='gallery-icon landscape'>\n\t\t\t\t<a href='https:\/\/kleijn.com\/wp-content\/uploads\/2013-02-12-16.44.14-e1420790992747.jpg'><img loading=\"lazy\" decoding=\"async\" width=\"256\" height=\"256\" src=\"https:\/\/kleijn.com\/wp-content\/uploads\/2013-02-12-16.44.14-e1420790992747-256x256.jpg\" class=\"attachment-thumbnail size-thumbnail\" alt=\"\" srcset=\"https:\/\/kleijn.com\/wp-content\/uploads\/2013-02-12-16.44.14-e1420790992747-256x256.jpg 256w, https:\/\/kleijn.com\/wp-content\/uploads\/2013-02-12-16.44.14-e1420790992747-512x512.jpg 512w, https:\/\/kleijn.com\/wp-content\/uploads\/2013-02-12-16.44.14-e1420790992747-1024x1024.jpg 1024w, https:\/\/kleijn.com\/wp-content\/uploads\/2013-02-12-16.44.14-e1420790992747.jpg 1555w\" sizes=\"auto, (max-width: 256px) 100vw, 256px\" \/><\/a>\n\t\t\t<\/dt><\/dl><dl class='gallery-item'>\n\t\t\t<dt class='gallery-icon landscape'>\n\t\t\t\t<a href='https:\/\/kleijn.com\/wp-content\/uploads\/2013-02-12-16.34.521.jpg'><img loading=\"lazy\" decoding=\"async\" width=\"256\" height=\"248\" src=\"https:\/\/kleijn.com\/wp-content\/uploads\/2013-02-12-16.34.521-256x248.jpg\" class=\"attachment-thumbnail size-thumbnail\" alt=\"\" srcset=\"https:\/\/kleijn.com\/wp-content\/uploads\/2013-02-12-16.34.521-256x248.jpg 256w, https:\/\/kleijn.com\/wp-content\/uploads\/2013-02-12-16.34.521-512x496.jpg 512w, https:\/\/kleijn.com\/wp-content\/uploads\/2013-02-12-16.34.521.jpg 640w\" sizes=\"auto, (max-width: 256px) 100vw, 256px\" \/><\/a>\n\t\t\t<\/dt><\/dl><br style=\"clear: both\" \/>\n\t\t<\/div>\n\n","protected":false},"excerpt":{"rendered":"<p>Kleijn Transport besteht inzwischen 50 Jahre und ist in dieser Zeit gewachsen zu einem mittelgrossen Unternehmen mit 125 Mitarbeitern und einem modernen Fuhrpark. Kleijn Transport wurde in 1963 als Einmannbetrieb gegr\u00fcndet. Der erste Transport fand statt mit einem Pritschenwagen. \u00a0Innerhalb von 5 Jahren war der Fuhrpark jedoch bereits auf 5 Zugmaschinen mit Aufliegern angewachsen, die [&hellip;]<\/p>\n","protected":false},"author":1,"featured_media":778,"parent":876,"menu_order":10,"comment_status":"closed","ping_status":"closed","template":"","meta":{"footnotes":""},"class_list":["post-552","page","type-page","status-publish","has-post-thumbnail","hentry"],"_links":{"self":[{"href":"https:\/\/kleijn.com\/de\/wp-json\/wp\/v2\/pages\/552\/"}],"collection":[{"href":"https:\/\/kleijn.com\/de\/wp-json\/wp\/v2\/pages\/"}],"about":[{"href":"https:\/\/kleijn.com\/de\/wp-json\/wp\/v2\/types\/page\/"}],"author":[{"embeddable":true,"href":"https:\/\/kleijn.com\/de\/wp-json\/wp\/v2\/users\/1\/"}],"replies":[{"embeddable":true,"href":"https:\/\/kleijn.com\/de\/wp-json\/wp\/v2\/comments\/?post=552"}],"version-history":[{"count":9,"href":"https:\/\/kleijn.com\/de\/wp-json\/wp\/v2\/pages\/552\/revisions\/"}],"predecessor-version":[{"id":1165,"href":"https:\/\/kleijn.com\/de\/wp-json\/wp\/v2\/pages\/552\/revisions\/1165\/"}],"up":[{"embeddable":true,"href":"https:\/\/kleijn.com\/de\/wp-json\/wp\/v2\/pages\/876\/"}],"wp:featuredmedia":[{"embeddable":true,"href":"https:\/\/kleijn.com\/de\/wp-json\/wp\/v2\/media\/778\/"}],"wp:attachment":[{"href":"https:\/\/kleijn.com\/de\/wp-json\/wp\/v2\/media\/?parent=552"}],"curies":[{"name":"wp","href":"https:\/\/api.w.org\/{rel}","templated":true}]}}