{"id":874,"date":"2014-12-10T11:56:22","date_gmt":"2014-12-10T10:56:22","guid":{"rendered":"https:\/\/kleijn.com\/umwelt\/"},"modified":"2017-05-01T11:50:21","modified_gmt":"2017-05-01T09:50:21","slug":"umwelt","status":"publish","type":"page","link":"https:\/\/kleijn.com\/de\/uber-kleijn\/umwelt\/","title":{"rendered":"Umwelt"},"content":{"rendered":"<p>Kleijn Transport ist sehr umweltbewusst und setzt alles daran, um den Einfluss unseres Betriebes auf die Umwelt zu verkleinern. Wir probieren vornehmlich unseren Energieverbrauch und den Ausstoss von sch\u00e4dlichen Stoffen soviel wie m\u00f6glich einzuschr\u00e4nken.<\/p>\n<p>Kleijn nimmt u.a. die folgenden umweltfreundlichen Massregeln:<\/p>\n<ul>\n<li>Wir benutzen ausschliesslich junge Fahrzeuge; diese haben einen niedrigen Verbrauch, geringen Ausstoss und entsprechen den letzten Umweltnormen.<\/li>\n<li>Unsere Fahrer werden auf sparsames und defensives Fahren trainiert.<\/li>\n<li>Der interne Transport in der Lagerhalle findet nur mit elektrischen Fahrzeugen statt.<\/li>\n<li>Auf unserem Gel\u00e4nde gibt es eine Ladestation f\u00fcr elektrische Fahrzeuge.<\/li>\n<li>K\u00fchltrailer\/-container k\u00f6nnen auf dem Gel\u00e4nde elektrisch angeschlossen werden, so dass K\u00fchlmotoren keinen verschmutzenden Diesel verbrauchen.<\/li>\n<li>Unser B\u00fcro und unsere Lagerhalle \u00a0sind so gebaut (Isolation, Lichtquellen), dass so wenig wie m\u00f6glich Energie verbraucht wird.<\/li>\n<li>Beim Entladen von Seecontainern f\u00e4llt viel \u00a0Abfall an. Dieser wird (genauso wie der \u00fcbrige Abfall) soviel wie m\u00f6glich getrennt und wiederverwertet.<\/li>\n<li>Wir streben ein vollst\u00e4ndig papierloses B\u00fcro an.<\/li>\n<\/ul>\n<p>Jedes Jahr erstellt Kleijn Transport einen Umweltbericht, worin wir unseren Umwelteinfluss analysieren und unsere umweltfreundlichen Zielsetzungen und Massregeln f\u00fcr die Zukunft benennen.<\/p>\n<p><a href=\"http:\/\/www.logistiek010.nl\/en\/\"><img loading=\"lazy\" decoding=\"async\" class=\"size-full wp-image-1725 aligncenter\" src=\"https:\/\/kleijn.com\/wp-content\/uploads\/banner-Kleijn-Transport.jpeg\" alt=\"\" width=\"400\" height=\"260\" srcset=\"https:\/\/kleijn.com\/wp-content\/uploads\/banner-Kleijn-Transport.jpeg 400w, https:\/\/kleijn.com\/wp-content\/uploads\/banner-Kleijn-Transport-256x166.jpeg 256w\" sizes=\"auto, (max-width: 400px) 100vw, 400px\" \/><\/a><\/p>\n","protected":false},"excerpt":{"rendered":"<p>Kleijn Transport ist sehr umweltbewusst und setzt alles daran, um den Einfluss unseres Betriebes auf die Umwelt zu verkleinern. Wir probieren vornehmlich unseren Energieverbrauch und den Ausstoss von sch\u00e4dlichen Stoffen soviel wie m\u00f6glich einzuschr\u00e4nken. Kleijn nimmt u.a. die folgenden umweltfreundlichen Massregeln: Wir benutzen ausschliesslich junge Fahrzeuge; diese haben einen niedrigen Verbrauch, geringen Ausstoss und entsprechen [&hellip;]<\/p>\n","protected":false},"author":1,"featured_media":1055,"parent":876,"menu_order":30,"comment_status":"closed","ping_status":"closed","template":"","meta":{"footnotes":""},"class_list":["post-874","page","type-page","status-publish","has-post-thumbnail","hentry"],"_links":{"self":[{"href":"https:\/\/kleijn.com\/de\/wp-json\/wp\/v2\/pages\/874\/"}],"collection":[{"href":"https:\/\/kleijn.com\/de\/wp-json\/wp\/v2\/pages\/"}],"about":[{"href":"https:\/\/kleijn.com\/de\/wp-json\/wp\/v2\/types\/page\/"}],"author":[{"embeddable":true,"href":"https:\/\/kleijn.com\/de\/wp-json\/wp\/v2\/users\/1\/"}],"replies":[{"embeddable":true,"href":"https:\/\/kleijn.com\/de\/wp-json\/wp\/v2\/comments\/?post=874"}],"version-history":[{"count":4,"href":"https:\/\/kleijn.com\/de\/wp-json\/wp\/v2\/pages\/874\/revisions\/"}],"predecessor-version":[{"id":1731,"href":"https:\/\/kleijn.com\/de\/wp-json\/wp\/v2\/pages\/874\/revisions\/1731\/"}],"up":[{"embeddable":true,"href":"https:\/\/kleijn.com\/de\/wp-json\/wp\/v2\/pages\/876\/"}],"wp:featuredmedia":[{"embeddable":true,"href":"https:\/\/kleijn.com\/de\/wp-json\/wp\/v2\/media\/1055\/"}],"wp:attachment":[{"href":"https:\/\/kleijn.com\/de\/wp-json\/wp\/v2\/media\/?parent=874"}],"curies":[{"name":"wp","href":"https:\/\/api.w.org\/{rel}","templated":true}]}}