{"id":881,"date":"2014-10-03T17:28:51","date_gmt":"2014-10-03T15:28:51","guid":{"rendered":"https:\/\/kleijn.com\/transport\/seefracht\/"},"modified":"2015-01-11T12:02:31","modified_gmt":"2015-01-11T11:02:31","slug":"seefracht","status":"publish","type":"page","link":"https:\/\/kleijn.com\/de\/transport\/seefracht\/","title":{"rendered":"Seefracht"},"content":{"rendered":"<p>Kleijn Transport bietet eine komplette Skala von Diensten auf dem Gebiet der Seefracht an. Haben Sie beispielsweise eine Ladung in China stehen, die in einem Monat in den Niederlanden abgeliefert werden muss (oder anders herum), dann kann Kleijn das alles regeln. Kleijn sorgt auch automatisch f\u00fcr den Transport von und zu den H\u00e4fen. Aber auch f\u00fcr nur einen Teil dieses Prozesses sind Sie bei uns in guten H\u00e4nden!<\/p>\n<p>Kleijn benutzt ein weltweites Agentennetzwerk, als unsere Partner. Unsere Agenten k\u00f6nnen Ihnen auch in den \u00dcberseeh\u00e4fen bei Ihrer Wahl behilflich sein. Kleijn Transport sorgt selbst f\u00fcr die komplette Erledigung im Rotterdammer Hafen. Somit haben Sie als Kunde lediglich Kontakt mit Kleijn; wir sorgen anschliessend daf\u00fcr, dass alles reibungslos abl\u00e4uft, auch im Ausland.<\/p>\n<p>Wir bieten die folgenden Dienste:<\/p>\n<p><strong>Zoll<\/strong><strong>-Erledigung:\u00a0<\/strong>Einfuhr von Waren, div. Formulare ausf\u00fcllen, Importz\u00f6lle\/Einfuhrumsatzsteuer bezahlen und die erforderlichen Dokumente bearbeiten. Kleijn ist seit 2011 AEO (Authorized Economic Operator) -beglaubigt durch den Zoll. Dies garantiert eine schnelle Zoll-Abwicklung und gleichzeitig auch die Sicherheit Ihrer Ladung.<\/p>\n<p><strong>Lagerung und Umschlag<\/strong>: wir l\u00f6schen Ihre Waren in unserer Lagerhalle und laden diese um,\u00a0zus\u00e4tzlich bieten wir auch diverse Lagerungsm\u00f6glichkeiten (siehe\u00a0<a title=\"Warehousing\" href=\"https:\/\/kleijn.com\/de\/warehousing\/\">Warehousing<\/a>).<\/p>\n<p><strong>Trucking<\/strong> (Trailertransport) durch ganz Europa.<\/p>\n<p><strong>Distribution und Groupage<\/strong>: wir laden Ihre Waren um und erledigen den weiteren logistischen Ablauf f\u00fcr Sie.<\/p>\n<h2>Vorteile von Kleijn Transport<\/h2>\n<p><b>Zuverl\u00e4ssigkeit<\/b>. Die Partner in unserem Agentennetzwerk regeln die Zollabfertigung und alle \u00dcberseetransport und Kleijn selbst macht dies in den Niederlanden.<\/p>\n<p><strong>Direkte Kommunikation<\/strong>. Kleijn Transport ist immer Ihr direkter Ansprechpunkt; alles weitere Regeln wir f\u00fcr Sie!<\/p>\n<p><strong>Scharfe Tarife<\/strong>. Durch die Nutzung eines weltweiten Netzwerkes, k\u00f6nnen wir Ihnen als Kunde die niedrigsten Tarife anbieten.<\/p>\n<p><strong>Track and trace<\/strong>. Dank unserer fortschrittlichen Automatisierung bleiben Sie auf dem Laufenden \u00fcber den Status jeder Ihrer Sendung.<\/p>\n<p><b>Schnelligkeit<\/b>. Dank unserer AEO-Zertifizierung geh\u00f6ren Wartezeiten beim Zoll der Vergangenheit an!<\/p>\n<p>Mehr wissen oder unsere Tarife anfragen? <a title=\"Angebot anfragen\" href=\"https:\/\/kleijn.com\/de\/angebot\/#Seefracht\">Gehen Sie schnell zu unserer Angebotsseite!<\/a><\/p>\n","protected":false},"excerpt":{"rendered":"<p>Kleijn Transport bietet eine komplette Skala von Diensten auf dem Gebiet der Seefracht an. Haben Sie beispielsweise eine Ladung in China stehen, die in einem Monat in den Niederlanden abgeliefert werden muss (oder anders herum), dann kann Kleijn das alles regeln. Kleijn sorgt auch automatisch f\u00fcr den Transport von und zu den H\u00e4fen. Aber auch [&hellip;]<\/p>\n","protected":false},"author":1,"featured_media":792,"parent":877,"menu_order":50,"comment_status":"closed","ping_status":"closed","template":"","meta":{"footnotes":""},"class_list":["post-881","page","type-page","status-publish","has-post-thumbnail","hentry"],"_links":{"self":[{"href":"https:\/\/kleijn.com\/de\/wp-json\/wp\/v2\/pages\/881\/"}],"collection":[{"href":"https:\/\/kleijn.com\/de\/wp-json\/wp\/v2\/pages\/"}],"about":[{"href":"https:\/\/kleijn.com\/de\/wp-json\/wp\/v2\/types\/page\/"}],"author":[{"embeddable":true,"href":"https:\/\/kleijn.com\/de\/wp-json\/wp\/v2\/users\/1\/"}],"replies":[{"embeddable":true,"href":"https:\/\/kleijn.com\/de\/wp-json\/wp\/v2\/comments\/?post=881"}],"version-history":[{"count":9,"href":"https:\/\/kleijn.com\/de\/wp-json\/wp\/v2\/pages\/881\/revisions\/"}],"predecessor-version":[{"id":1208,"href":"https:\/\/kleijn.com\/de\/wp-json\/wp\/v2\/pages\/881\/revisions\/1208\/"}],"up":[{"embeddable":true,"href":"https:\/\/kleijn.com\/de\/wp-json\/wp\/v2\/pages\/877\/"}],"wp:featuredmedia":[{"embeddable":true,"href":"https:\/\/kleijn.com\/de\/wp-json\/wp\/v2\/media\/792\/"}],"wp:attachment":[{"href":"https:\/\/kleijn.com\/de\/wp-json\/wp\/v2\/media\/?parent=881"}],"curies":[{"name":"wp","href":"https:\/\/api.w.org\/{rel}","templated":true}]}}