{"id":883,"date":"2014-10-03T18:03:20","date_gmt":"2014-10-03T16:03:20","guid":{"rendered":"https:\/\/kleijn.com\/over-kleijn-2\/dieselzuschlag\/"},"modified":"2015-01-12T10:56:26","modified_gmt":"2015-01-12T09:56:26","slug":"dieselzuschlag","status":"publish","type":"page","link":"https:\/\/kleijn.com\/de\/uber-kleijn\/dieselzuschlag\/","title":{"rendered":"Dieselzuschlag"},"content":{"rendered":"<p>Die Brandstofkosten bilden einen grossen Teil unseres Kostpreises. Da sich der Dieselpreis regelm\u00e4ssig \u00e4ndert und einen grossen, nicht zu beeinflussenden Kostenfaktor bildet, \u00a0hantiert Kleijn Transport eine Brandstoff-Klausel. An jedem ersten Tag im Monat bestimmen wir den Dieselzuschlag f\u00fcr den folgenden Monat, basiert auf den durchschnittlichen empfohlenen Richtpreis des vergangenen Monats. Am 1. M\u00e4rz wird also der Dieselzuschlag f\u00fcr April festgelegt, anhand des durchschnittlichen Richtpreises vom Februar.<\/p>\n<p>Hierf\u00fcr hantieren wir die folgende Tabelle:<\/p>\n<table class=\"table table-striped\">\n<tbody>\n<tr>\n<td><strong>Dieselpreis<\/strong><\/td>\n<td><strong>Zuschlag<\/strong><\/td>\n<\/tr>\n<tr>\n<td>&lt; 1.120<\/td>\n<td>0%<\/td>\n<\/tr>\n<tr>\n<td>1.121 &#8211; 1.152<\/td>\n<td>1%<\/td>\n<\/tr>\n<tr>\n<td>1.153 &#8211; 1.184<\/td>\n<td>2%<\/td>\n<\/tr>\n<tr>\n<td>1.185 &#8211; 1.215<\/td>\n<td>3%<\/td>\n<\/tr>\n<tr>\n<td>1.216 &#8211; 1.247<\/td>\n<td>4%<\/td>\n<\/tr>\n<tr>\n<td>1.248 &#8211; 1.278<\/td>\n<td>5%<\/td>\n<\/tr>\n<tr>\n<td>1.279 &#8211; 1.310<\/td>\n<td>6%<\/td>\n<\/tr>\n<tr>\n<td>1.311 &#8211; 1.341<\/td>\n<td>7%<\/td>\n<\/tr>\n<tr>\n<td>1.342 &#8211; 1.373<\/td>\n<td>8%<\/td>\n<\/tr>\n<tr>\n<td>1.374 &#8211; 1.404<\/td>\n<td>9%<\/td>\n<\/tr>\n<tr>\n<td>1.405 &#8211; 1.436<\/td>\n<td>10%<\/td>\n<\/tr>\n<tr>\n<td>1.437 &#8211; 1.467<\/td>\n<td>11%<\/td>\n<\/tr>\n<tr>\n<td>1.468 &#8211; 1.499<\/td>\n<td>12%<\/td>\n<\/tr>\n<tr>\n<td>1.500 &#8211; 1.530<\/td>\n<td>13%<\/td>\n<\/tr>\n<tr>\n<td>1.531 &#8211; 1.562<\/td>\n<td>14%<\/td>\n<\/tr>\n<tr>\n<td>1.563 &#8211; 1.593<\/td>\n<td>15%<\/td>\n<\/tr>\n<tr>\n<td>1.594 &#8211; 1.625<\/td>\n<td>16%<\/td>\n<\/tr>\n<tr>\n<td>1.626 &#8211; 1.655<\/td>\n<td>17%<\/td>\n<\/tr>\n<tr>\n<td>1.656 &#8211; 1.688<\/td>\n<td>18%<\/td>\n<\/tr>\n<tr>\n<td>1.689 &#8211; 1.719<\/td>\n<td>19%<\/td>\n<\/tr>\n<tr>\n<td>&gt; 1.720<\/td>\n<td>20%<\/td>\n<\/tr>\n<\/tbody>\n<\/table>\n<p>Als Kunde von Kleijn Transport erhalten Sie diese Information monatlich per e-Mail.<\/p>\n","protected":false},"excerpt":{"rendered":"<p>Die Brandstofkosten bilden einen grossen Teil unseres Kostpreises. Da sich der Dieselpreis regelm\u00e4ssig \u00e4ndert und einen grossen, nicht zu beeinflussenden Kostenfaktor bildet, \u00a0hantiert Kleijn Transport eine Brandstoff-Klausel. An jedem ersten Tag im Monat bestimmen wir den Dieselzuschlag f\u00fcr den folgenden Monat, basiert auf den durchschnittlichen empfohlenen Richtpreis des vergangenen Monats. Am 1. M\u00e4rz wird also [&hellip;]<\/p>\n","protected":false},"author":1,"featured_media":708,"parent":876,"menu_order":60,"comment_status":"closed","ping_status":"closed","template":"","meta":{"footnotes":""},"class_list":["post-883","page","type-page","status-publish","has-post-thumbnail","hentry"],"_links":{"self":[{"href":"https:\/\/kleijn.com\/de\/wp-json\/wp\/v2\/pages\/883\/"}],"collection":[{"href":"https:\/\/kleijn.com\/de\/wp-json\/wp\/v2\/pages\/"}],"about":[{"href":"https:\/\/kleijn.com\/de\/wp-json\/wp\/v2\/types\/page\/"}],"author":[{"embeddable":true,"href":"https:\/\/kleijn.com\/de\/wp-json\/wp\/v2\/users\/1\/"}],"replies":[{"embeddable":true,"href":"https:\/\/kleijn.com\/de\/wp-json\/wp\/v2\/comments\/?post=883"}],"version-history":[{"count":3,"href":"https:\/\/kleijn.com\/de\/wp-json\/wp\/v2\/pages\/883\/revisions\/"}],"predecessor-version":[{"id":1043,"href":"https:\/\/kleijn.com\/de\/wp-json\/wp\/v2\/pages\/883\/revisions\/1043\/"}],"up":[{"embeddable":true,"href":"https:\/\/kleijn.com\/de\/wp-json\/wp\/v2\/pages\/876\/"}],"wp:featuredmedia":[{"embeddable":true,"href":"https:\/\/kleijn.com\/de\/wp-json\/wp\/v2\/media\/708\/"}],"wp:attachment":[{"href":"https:\/\/kleijn.com\/de\/wp-json\/wp\/v2\/media\/?parent=883"}],"curies":[{"name":"wp","href":"https:\/\/api.w.org\/{rel}","templated":true}]}}