{"id":884,"date":"2014-12-12T01:05:52","date_gmt":"2014-12-12T00:05:52","guid":{"rendered":"https:\/\/kleijn.com\/angebot-anfragen\/"},"modified":"2015-01-11T11:26:07","modified_gmt":"2015-01-11T10:26:07","slug":"angebot","status":"publish","type":"page","link":"https:\/\/kleijn.com\/de\/angebot\/","title":{"rendered":"Angebot anfragen"},"content":{"rendered":"<p>Ben\u00f6tigen Sie G\u00fctertransport? F\u00fcllen Sie untenstehendes Formular so komplett wie m\u00f6glich aus. Wir streben an, Ihnen innerhalb eines Arbeitstages zu antworten.<\/p>\n\n<div class=\"wpcf7 no-js\" id=\"wpcf7-f1058-o1\" lang=\"de-DE\" dir=\"ltr\" data-wpcf7-id=\"1058\">\n<div class=\"screen-reader-response\"><p role=\"status\" aria-live=\"polite\" aria-atomic=\"true\"><\/p> <ul><\/ul><\/div>\n<form action=\"\/de\/wp-json\/wp\/v2\/pages\/884\/#wpcf7-f1058-o1\" method=\"post\" class=\"wpcf7-form init form-horizontal\" id=\"form-quote\" aria-label=\"Kontaktformular\" novalidate=\"novalidate\" data-status=\"init\">\n<fieldset class=\"hidden-fields-container\"><input type=\"hidden\" name=\"_wpcf7\" value=\"1058\" \/><input type=\"hidden\" name=\"_wpcf7_version\" value=\"6.1.6\" \/><input type=\"hidden\" name=\"_wpcf7_locale\" value=\"de_DE\" \/><input type=\"hidden\" name=\"_wpcf7_unit_tag\" value=\"wpcf7-f1058-o1\" \/><input type=\"hidden\" name=\"_wpcf7_container_post\" value=\"0\" \/><input type=\"hidden\" name=\"_wpcf7_posted_data_hash\" value=\"\" \/>\n<\/fieldset>\n<div class=\"form-group\">\n\t<p><label class=\"col-sm-3  control-label\">Betrieb<\/label>\n\t<\/p>\n\t<div class=\"col-sm-9\">\n\t\t<p><span class=\"wpcf7-form-control-wrap\" data-name=\"company\"><input size=\"40\" maxlength=\"400\" class=\"wpcf7-form-control wpcf7-text form-control\" aria-invalid=\"false\" value=\"\" type=\"text\" name=\"company\" \/><\/span>\n\t\t<\/p>\n\t<\/div>\n<\/div>\n<div class=\"form-group\">\n\t<p><label class=\"col-sm-3  control-label\"><sup>*<\/sup> Name<\/label>\n\t<\/p>\n\t<div class=\"col-sm-9\">\n\t\t<p><span class=\"wpcf7-form-control-wrap\" data-name=\"naam\"><input size=\"40\" maxlength=\"400\" class=\"wpcf7-form-control wpcf7-text wpcf7-validates-as-required form-control\" aria-required=\"true\" aria-invalid=\"false\" value=\"\" type=\"text\" name=\"naam\" \/><\/span>\n\t\t<\/p>\n\t<\/div>\n<\/div>\n<div class=\"form-group\">\n\t<p><label class=\"col-sm-3  control-label\"><sup>*<\/sup> Email<\/label>\n\t<\/p>\n\t<div class=\"col-sm-9\">\n\t\t<p><span class=\"wpcf7-form-control-wrap\" data-name=\"email\"><input size=\"40\" maxlength=\"400\" class=\"wpcf7-form-control wpcf7-email wpcf7-validates-as-required wpcf7-text wpcf7-validates-as-email form-control\" aria-required=\"true\" aria-invalid=\"false\" value=\"\" type=\"email\" name=\"email\" \/><\/span>\n\t\t<\/p>\n\t<\/div>\n<\/div>\n<div class=\"form-group\">\n\t<p><label class=\"col-sm-3  control-label\"><sup>*<\/sup> Telefon<\/label>\n\t<\/p>\n\t<div class=\"col-sm-9\">\n\t\t<p><span class=\"wpcf7-form-control-wrap\" data-name=\"phone\"><input size=\"40\" maxlength=\"400\" class=\"wpcf7-form-control wpcf7-tel wpcf7-validates-as-required wpcf7-text wpcf7-validates-as-tel form-control\" aria-required=\"true\" aria-invalid=\"false\" value=\"\" type=\"tel\" name=\"phone\" \/><\/span>\n\t\t<\/p>\n\t<\/div>\n<\/div>\n<div class=\"form-group\">\n\t<p><label class=\"col-sm-3  control-label\"><sup>*<\/sup> Betreff<\/label>\n\t<\/p>\n\t<div class=\"col-sm-9\">\n\t\t<p><span class=\"wpcf7-form-control-wrap\" data-name=\"subject\"><select class=\"wpcf7-form-control wpcf7-select wpcf7-validates-as-required form-control\" aria-required=\"true\" aria-invalid=\"false\" name=\"subject\"><option value=\"\">&#8211; Bitte ausw\u00e4hlen &#8211;<\/option><option value=\"Trailer\">Trailer<\/option><option value=\"Container\">Container<\/option><option value=\"Sammelgut\">Sammelgut<\/option><option value=\"Eiltransporte\">Eiltransporte<\/option><option value=\"Seefracht\">Seefracht<\/option><option value=\"Luftfracht\">Luftfracht<\/option><option value=\"Projektladung\">Projektladung<\/option><option value=\"Warehousing\">Warehousing<\/option><option value=\"Andere\">Andere<\/option><\/select><\/span>\n\t\t<\/p>\n\t<\/div>\n<\/div>\n<div class=\"form-group\">\n\t<p><label class=\"col-sm-3  control-label\"><sup>*<\/sup> Details des Transportes<\/label>\n\t<\/p>\n\t<div class=\"col-sm-9\">\n\t\t<p><span class=\"wpcf7-form-control-wrap\" data-name=\"message\"><textarea cols=\"40\" rows=\"5\" maxlength=\"2000\" class=\"wpcf7-form-control wpcf7-textarea wpcf7-validates-as-required form-control\" aria-required=\"true\" aria-invalid=\"false\" name=\"message\"><\/textarea><\/span>\n\t\t<\/p>\n\t\t<div class=\"help-block\">\n\t\t\t<p>Geben Sie so viele Details wie m\u00f6glich \u00fcber den gew\u00fcnschten Transport, inklusive:\n\t\t\t<\/p>\n\t\t\t<ul>\n\t\t\t\t<li>\n\t\t\t\t\t<p>Fracht: Inhalt, Gr\u00f6\u00dfe, Gewicht\n\t\t\t\t\t<\/p>\n\t\t\t\t<\/li>\n\t\t\t\t<li>\n\t\t\t\t\t<p>Abfahrt: Datum, Ort\n\t\t\t\t\t<\/p>\n\t\t\t\t<\/li>\n\t\t\t\t<li>\n\t\t\t\t\t<p>Ankunft: Ort\n\t\t\t\t\t<\/p>\n\t\t\t\t<\/li>\n\t\t\t<\/ul>\n\t\t<\/div>\n\t<\/div>\n<\/div>\n<div class=\"form-group\">\n\t<div class=\"col-sm-offset-3 col-sm-9\">\n\t\t<p><input class=\"wpcf7-form-control wpcf7-submit has-spinner btn btn-primary btn-lg\" type=\"submit\" value=\"Senden\" \/>\n\t\t<\/p>\n\t<\/div>\n<\/div>\n<p><span id=\"wpcf7-6a07f914a1b9a-wrapper\" class=\"wpcf7-form-control-wrap url-wrap\" style=\"display:none !important; visibility:hidden !important;\"><label for=\"wpcf7-6a07f914a1b9a-field\" class=\"hp-message\">Bitte lasse dieses Feld leer.<\/label><input id=\"wpcf7-6a07f914a1b9a-field\"  class=\"wpcf7-form-control wpcf7-text\" type=\"text\" name=\"url\" value=\"\" size=\"40\" tabindex=\"-1\" autocomplete=\"new-password\" \/><\/span>\n<\/p><div class=\"wpcf7-response-output\" aria-hidden=\"true\"><\/div>\n<\/form>\n<\/div>\n\n","protected":false},"excerpt":{"rendered":"<p>Ben\u00f6tigen Sie G\u00fctertransport? F\u00fcllen Sie untenstehendes Formular so komplett wie m\u00f6glich aus. Wir streben an, Ihnen innerhalb eines Arbeitstages zu antworten.<\/p>\n","protected":false},"author":1,"featured_media":0,"parent":0,"menu_order":60,"comment_status":"closed","ping_status":"closed","template":"","meta":{"footnotes":""},"class_list":["post-884","page","type-page","status-publish","hentry"],"_links":{"self":[{"href":"https:\/\/kleijn.com\/de\/wp-json\/wp\/v2\/pages\/884\/"}],"collection":[{"href":"https:\/\/kleijn.com\/de\/wp-json\/wp\/v2\/pages\/"}],"about":[{"href":"https:\/\/kleijn.com\/de\/wp-json\/wp\/v2\/types\/page\/"}],"author":[{"embeddable":true,"href":"https:\/\/kleijn.com\/de\/wp-json\/wp\/v2\/users\/1\/"}],"replies":[{"embeddable":true,"href":"https:\/\/kleijn.com\/de\/wp-json\/wp\/v2\/comments\/?post=884"}],"version-history":[{"count":4,"href":"https:\/\/kleijn.com\/de\/wp-json\/wp\/v2\/pages\/884\/revisions\/"}],"predecessor-version":[{"id":1190,"href":"https:\/\/kleijn.com\/de\/wp-json\/wp\/v2\/pages\/884\/revisions\/1190\/"}],"wp:attachment":[{"href":"https:\/\/kleijn.com\/de\/wp-json\/wp\/v2\/media\/?parent=884"}],"curies":[{"name":"wp","href":"https:\/\/api.w.org\/{rel}","templated":true}]}}